{"id":3947,"date":"2024-02-19T12:47:30","date_gmt":"2024-02-19T11:47:30","guid":{"rendered":"https:\/\/www.centrumaura.pl\/?page_id=3947"},"modified":"2025-06-06T14:58:30","modified_gmt":"2025-06-06T12:58:30","slug":"privacy-policy","status":"publish","type":"page","link":"https:\/\/www.centrumaura.pl\/en\/privacy-policy\/","title":{"rendered":"Privacy Policy"},"content":{"rendered":"\t\t<div data-elementor-type=\"wp-page\" data-elementor-id=\"3947\" class=\"elementor elementor-3947 elementor-3\" data-elementor-post-type=\"page\">\n\t\t\t\t<div class=\"elementor-element elementor-element-2cff35e8 e-flex e-con-boxed e-con e-parent\" data-id=\"2cff35e8\" data-element_type=\"container\">\n\t\t\t\t\t<div class=\"e-con-inner\">\n\t\t\t\t<div class=\"elementor-element elementor-element-bad9f85 elementor-widget elementor-widget-text-editor\" data-id=\"bad9f85\" data-element_type=\"widget\" data-widget_type=\"text-editor.default\">\n\t\t\t\t<div class=\"elementor-widget-container\">\n\t\t\t\t\t\t\t<ul>\n<li><a href=\"https:\/\/www.centrumaura.pl\/wp-content\/uploads\/2025\/06\/Standardy-Ochrony-Maloletnich-WERSJA-SKROCONA-DLA-MALOLETNICH.pdf\" target=\"_blank\" rel=\"noopener\">Standardy Ochrony Ma\u0142oletnich &#8211; WERSJA SKR\u00d3CONA DLA MA\u0141OLETNICH<\/a>\u00a0<\/li>\n<li><a href=\"https:\/\/www.centrumaura.pl\/wp-content\/uploads\/2025\/06\/Standardy-Ochrony-Maloletnich-.pdf\" target=\"_blank\" rel=\"noopener\">Standardy Ochrony Ma\u0142oletnich<\/a>\u00a0<\/li>\n<li><a href=\"https:\/\/www.centrumaura.pl\/wp-content\/uploads\/2025\/06\/Obowiazek-informacyjny-stazysci-i-praktykanci.pdf\" target=\"_blank\" rel=\"noopener\">Obowi\u0105zek informacyjny sta\u017cy\u015bci i praktykanci<\/a>\u00a0<\/li>\n<li><a href=\"https:\/\/www.centrumaura.pl\/wp-content\/uploads\/2025\/06\/Obowiazek-informacyjny-rekrutacja.pdf\" target=\"_blank\" rel=\"noopener\">Obowi\u0105zek informacyjny rekrutacja<\/a>\u00a0<\/li>\n<li><a href=\"https:\/\/www.centrumaura.pl\/wp-content\/uploads\/2025\/06\/Obowiazek-informacyjny-OGOLNY-zajecia-sportowe.pdf\" target=\"_blank\" rel=\"noopener\">Obowi\u0105zek informacyjny OG\u00d3LNY zaj\u0119cia sportowe<\/a>\u00a0<\/li>\n<li><a href=\"https:\/\/www.centrumaura.pl\/wp-content\/uploads\/2025\/06\/Obowiazek-informacyjny-umowy-13-i-14-RODO.pdf\" target=\"_blank\" rel=\"noopener\">Obowi\u0105zek informacyjny umowy 13 i 14 RODO<\/a>\u00a0<\/li>\n<li><a href=\"https:\/\/www.centrumaura.pl\/wp-content\/uploads\/2025\/06\/Polityka-prywatnosci-strona-www.pdf\" target=\"_blank\" rel=\"noopener\">Polityka prywatno\u015bci strona www.<\/a>\u00a0<\/li>\n<li><a href=\"https:\/\/www.centrumaura.pl\/wp-content\/uploads\/2025\/06\/Obowiazek-informacyjny-umowy-cywilnoprawne.pdf\" target=\"_blank\" rel=\"noopener\">Obowi\u0105zek informacyjny umowy cywilnoprawne<\/a>\u00a0<\/li>\n<li><a href=\"https:\/\/www.centrumaura.pl\/wp-content\/uploads\/2025\/06\/Obowiazek-informacyjny-MONITORING-WIZYJNY.pdf\" target=\"_blank\" rel=\"noopener\">Obowi\u0105zek informacyjny MONITORING WIZYJNY<\/a>\u00a0<\/li>\n<li><a href=\"https:\/\/www.centrumaura.pl\/wp-content\/uploads\/2025\/06\/Obowiazek-informacyjny-KLIENT.pdf\" target=\"_blank\" rel=\"noopener\">Obowi\u0105zek informacyjny KLIENT<\/a><\/li>\n<\/ul>\n<div class=\"disclaimer pt-36\">\u00a0<\/div>\n<p><\/p>\t\t\t\t\t\t<\/div>\n\t\t\t\t<\/div>\n\t\t\t\t\t<\/div>\n\t\t\t\t<\/div>\n\t\t\t\t<\/div>\n\t\t","protected":false},"excerpt":{"rendered":"<p>Standardy Ochrony Ma\u0142oletnich &#8211; WERSJA SKR\u00d3CONA DLA MA\u0141OLETNICH\u00a0 Standardy Ochrony Ma\u0142oletnich\u00a0 Obowi\u0105zek informacyjny sta\u017cy\u015bci i praktykanci\u00a0 Obowi\u0105zek informacyjny rekrutacja\u00a0 Obowi\u0105zek informacyjny OG\u00d3LNY zaj\u0119cia sportowe\u00a0 Obowi\u0105zek informacyjny umowy 13 i 14 RODO\u00a0 Polityka prywatno\u015bci strona www.\u00a0 Obowi\u0105zek informacyjny umowy cywilnoprawne\u00a0 Obowi\u0105zek informacyjny MONITORING WIZYJNY\u00a0 Obowi\u0105zek informacyjny KLIENT \u00a0<\/p>\n","protected":false},"author":1,"featured_media":0,"parent":0,"menu_order":0,"comment_status":"closed","ping_status":"closed","template":"","meta":{"_acf_changed":false,"footnotes":""},"class_list":["post-3947","page","type-page","status-publish","hentry"],"acf":[],"yoast_head":"<!-- This site is optimized with the Yoast SEO plugin v23.6 - https:\/\/yoast.com\/wordpress\/plugins\/seo\/ -->\n<title>Privacy Policy - Centrum Wypoczyknowo-Rekreacyjne AURA - Domki letniskowe<\/title>\n<meta name=\"robots\" content=\"index, follow, max-snippet:-1, max-image-preview:large, max-video-preview:-1\" \/>\n<link rel=\"canonical\" href=\"https:\/\/www.centrumaura.pl\/en\/privacy-policy\/\" \/>\n<meta property=\"og:locale\" content=\"en_US\" \/>\n<meta property=\"og:type\" content=\"article\" \/>\n<meta property=\"og:title\" content=\"Privacy Policy - Centrum Wypoczyknowo-Rekreacyjne AURA - Domki letniskowe\" \/>\n<meta property=\"og:description\" content=\"Standardy Ochrony Ma\u0142oletnich &#8211; WERSJA SKR\u00d3CONA DLA MA\u0141OLETNICH\u00a0 Standardy Ochrony Ma\u0142oletnich\u00a0 Obowi\u0105zek informacyjny sta\u017cy\u015bci i praktykanci\u00a0 Obowi\u0105zek informacyjny rekrutacja\u00a0 Obowi\u0105zek informacyjny OG\u00d3LNY zaj\u0119cia sportowe\u00a0 Obowi\u0105zek informacyjny umowy 13 i 14 RODO\u00a0 Polityka prywatno\u015bci strona www.\u00a0 Obowi\u0105zek informacyjny umowy cywilnoprawne\u00a0 Obowi\u0105zek informacyjny MONITORING WIZYJNY\u00a0 Obowi\u0105zek informacyjny KLIENT \u00a0\" \/>\n<meta property=\"og:url\" content=\"https:\/\/www.centrumaura.pl\/en\/privacy-policy\/\" \/>\n<meta property=\"og:site_name\" content=\"Centrum Wypoczyknowo-Rekreacyjne AURA - Domki letniskowe\" \/>\n<meta property=\"article:modified_time\" content=\"2025-06-06T12:58:30+00:00\" \/>\n<meta name=\"twitter:card\" content=\"summary_large_image\" \/>\n<meta name=\"twitter:label1\" content=\"Est. reading time\" \/>\n\t<meta name=\"twitter:data1\" content=\"1 minute\" \/>\n<script type=\"application\/ld+json\" class=\"yoast-schema-graph\">{\"@context\":\"https:\/\/schema.org\",\"@graph\":[{\"@type\":\"WebPage\",\"@id\":\"https:\/\/www.centrumaura.pl\/en\/privacy-policy\/\",\"url\":\"https:\/\/www.centrumaura.pl\/en\/privacy-policy\/\",\"name\":\"Privacy Policy - Centrum Wypoczyknowo-Rekreacyjne AURA - Domki letniskowe\",\"isPartOf\":{\"@id\":\"https:\/\/www.centrumaura.pl\/en\/#website\"},\"datePublished\":\"2024-02-19T11:47:30+00:00\",\"dateModified\":\"2025-06-06T12:58:30+00:00\",\"breadcrumb\":{\"@id\":\"https:\/\/www.centrumaura.pl\/en\/privacy-policy\/#breadcrumb\"},\"inLanguage\":\"en-US\",\"potentialAction\":[{\"@type\":\"ReadAction\",\"target\":[\"https:\/\/www.centrumaura.pl\/en\/privacy-policy\/\"]}]},{\"@type\":\"BreadcrumbList\",\"@id\":\"https:\/\/www.centrumaura.pl\/en\/privacy-policy\/#breadcrumb\",\"itemListElement\":[{\"@type\":\"ListItem\",\"position\":1,\"name\":\"Centrum Aura\",\"item\":\"https:\/\/www.centrumaura.pl\/en\/\"},{\"@type\":\"ListItem\",\"position\":2,\"name\":\"Privacy Policy\"}]},{\"@type\":\"WebSite\",\"@id\":\"https:\/\/www.centrumaura.pl\/en\/#website\",\"url\":\"https:\/\/www.centrumaura.pl\/en\/\",\"name\":\"Centrum Wypoczyknowo-Rekreacyjne AURA - Domki letniskowe\",\"description\":\"\",\"publisher\":{\"@id\":\"https:\/\/www.centrumaura.pl\/en\/#organization\"},\"potentialAction\":[{\"@type\":\"SearchAction\",\"target\":{\"@type\":\"EntryPoint\",\"urlTemplate\":\"https:\/\/www.centrumaura.pl\/en\/?s={search_term_string}\"},\"query-input\":{\"@type\":\"PropertyValueSpecification\",\"valueRequired\":true,\"valueName\":\"search_term_string\"}}],\"inLanguage\":\"en-US\"},{\"@type\":\"Organization\",\"@id\":\"https:\/\/www.centrumaura.pl\/en\/#organization\",\"name\":\"Centrum Wypoczyknowo-Rekreacyjne AURA - Domki letniskowe\",\"url\":\"https:\/\/www.centrumaura.pl\/en\/\",\"logo\":{\"@type\":\"ImageObject\",\"inLanguage\":\"en-US\",\"@id\":\"https:\/\/www.centrumaura.pl\/en\/#\/schema\/logo\/image\/\",\"url\":\"https:\/\/www.centrumaura.pl\/wp-content\/uploads\/2024\/02\/centrum-aura-logo-color.svg\",\"contentUrl\":\"https:\/\/www.centrumaura.pl\/wp-content\/uploads\/2024\/02\/centrum-aura-logo-color.svg\",\"width\":256,\"height\":86,\"caption\":\"Centrum Wypoczyknowo-Rekreacyjne AURA - Domki letniskowe\"},\"image\":{\"@id\":\"https:\/\/www.centrumaura.pl\/en\/#\/schema\/logo\/image\/\"}}]}<\/script>\n<!-- \/ Yoast SEO plugin. -->","yoast_head_json":{"title":"Privacy Policy - Centrum Wypoczyknowo-Rekreacyjne AURA - Domki letniskowe","robots":{"index":"index","follow":"follow","max-snippet":"max-snippet:-1","max-image-preview":"max-image-preview:large","max-video-preview":"max-video-preview:-1"},"canonical":"https:\/\/www.centrumaura.pl\/en\/privacy-policy\/","og_locale":"en_US","og_type":"article","og_title":"Privacy Policy - Centrum Wypoczyknowo-Rekreacyjne AURA - Domki letniskowe","og_description":"Standardy Ochrony Ma\u0142oletnich &#8211; WERSJA SKR\u00d3CONA DLA MA\u0141OLETNICH\u00a0 Standardy Ochrony Ma\u0142oletnich\u00a0 Obowi\u0105zek informacyjny sta\u017cy\u015bci i praktykanci\u00a0 Obowi\u0105zek informacyjny rekrutacja\u00a0 Obowi\u0105zek informacyjny OG\u00d3LNY zaj\u0119cia sportowe\u00a0 Obowi\u0105zek informacyjny umowy 13 i 14 RODO\u00a0 Polityka prywatno\u015bci strona www.\u00a0 Obowi\u0105zek informacyjny umowy cywilnoprawne\u00a0 Obowi\u0105zek informacyjny MONITORING WIZYJNY\u00a0 Obowi\u0105zek informacyjny KLIENT \u00a0","og_url":"https:\/\/www.centrumaura.pl\/en\/privacy-policy\/","og_site_name":"Centrum Wypoczyknowo-Rekreacyjne AURA - Domki letniskowe","article_modified_time":"2025-06-06T12:58:30+00:00","twitter_card":"summary_large_image","twitter_misc":{"Est. reading time":"1 minute"},"schema":{"@context":"https:\/\/schema.org","@graph":[{"@type":"WebPage","@id":"https:\/\/www.centrumaura.pl\/en\/privacy-policy\/","url":"https:\/\/www.centrumaura.pl\/en\/privacy-policy\/","name":"Privacy Policy - Centrum Wypoczyknowo-Rekreacyjne AURA - Domki letniskowe","isPartOf":{"@id":"https:\/\/www.centrumaura.pl\/en\/#website"},"datePublished":"2024-02-19T11:47:30+00:00","dateModified":"2025-06-06T12:58:30+00:00","breadcrumb":{"@id":"https:\/\/www.centrumaura.pl\/en\/privacy-policy\/#breadcrumb"},"inLanguage":"en-US","potentialAction":[{"@type":"ReadAction","target":["https:\/\/www.centrumaura.pl\/en\/privacy-policy\/"]}]},{"@type":"BreadcrumbList","@id":"https:\/\/www.centrumaura.pl\/en\/privacy-policy\/#breadcrumb","itemListElement":[{"@type":"ListItem","position":1,"name":"Centrum Aura","item":"https:\/\/www.centrumaura.pl\/en\/"},{"@type":"ListItem","position":2,"name":"Privacy Policy"}]},{"@type":"WebSite","@id":"https:\/\/www.centrumaura.pl\/en\/#website","url":"https:\/\/www.centrumaura.pl\/en\/","name":"Centrum Wypoczyknowo-Rekreacyjne AURA - Domki letniskowe","description":"","publisher":{"@id":"https:\/\/www.centrumaura.pl\/en\/#organization"},"potentialAction":[{"@type":"SearchAction","target":{"@type":"EntryPoint","urlTemplate":"https:\/\/www.centrumaura.pl\/en\/?s={search_term_string}"},"query-input":{"@type":"PropertyValueSpecification","valueRequired":true,"valueName":"search_term_string"}}],"inLanguage":"en-US"},{"@type":"Organization","@id":"https:\/\/www.centrumaura.pl\/en\/#organization","name":"Centrum Wypoczyknowo-Rekreacyjne AURA - Domki letniskowe","url":"https:\/\/www.centrumaura.pl\/en\/","logo":{"@type":"ImageObject","inLanguage":"en-US","@id":"https:\/\/www.centrumaura.pl\/en\/#\/schema\/logo\/image\/","url":"https:\/\/www.centrumaura.pl\/wp-content\/uploads\/2024\/02\/centrum-aura-logo-color.svg","contentUrl":"https:\/\/www.centrumaura.pl\/wp-content\/uploads\/2024\/02\/centrum-aura-logo-color.svg","width":256,"height":86,"caption":"Centrum Wypoczyknowo-Rekreacyjne AURA - Domki letniskowe"},"image":{"@id":"https:\/\/www.centrumaura.pl\/en\/#\/schema\/logo\/image\/"}}]}},"_links":{"self":[{"href":"https:\/\/www.centrumaura.pl\/en\/wp-json\/wp\/v2\/pages\/3947","targetHints":{"allow":["GET"]}}],"collection":[{"href":"https:\/\/www.centrumaura.pl\/en\/wp-json\/wp\/v2\/pages"}],"about":[{"href":"https:\/\/www.centrumaura.pl\/en\/wp-json\/wp\/v2\/types\/page"}],"author":[{"embeddable":true,"href":"https:\/\/www.centrumaura.pl\/en\/wp-json\/wp\/v2\/users\/1"}],"replies":[{"embeddable":true,"href":"https:\/\/www.centrumaura.pl\/en\/wp-json\/wp\/v2\/comments?post=3947"}],"version-history":[{"count":4,"href":"https:\/\/www.centrumaura.pl\/en\/wp-json\/wp\/v2\/pages\/3947\/revisions"}],"predecessor-version":[{"id":4685,"href":"https:\/\/www.centrumaura.pl\/en\/wp-json\/wp\/v2\/pages\/3947\/revisions\/4685"}],"wp:attachment":[{"href":"https:\/\/www.centrumaura.pl\/en\/wp-json\/wp\/v2\/media?parent=3947"}],"curies":[{"name":"wp","href":"https:\/\/api.w.org\/{rel}","templated":true}]}}